{"id":88,"date":"2018-08-16T11:32:33","date_gmt":"2018-08-16T11:32:33","guid":{"rendered":"https:\/\/arztpraxisanderelbe.de\/?page_id=88"},"modified":"2018-09-20T10:45:55","modified_gmt":"2018-09-20T10:45:55","slug":"datenschutz","status":"publish","type":"page","link":"https:\/\/arztpraxisanderelbe.de\/?page_id=88","title":{"rendered":"Datenschutz"},"content":{"rendered":"<h4>Datenschutzerkl\u00e4rung<\/h4>\n<p>Nachfolgend erhalten Sie lnformationen \u00fcber die Erhebung personenbezogener Daten bei Nutzung unserer lnternetseite. Zu den personenbezogenen Daten geh\u00f6ren alle Daten, die auf Sie pers\u00f6nlich beziehbar sind (z. B. Name, Adresse, E-Mail-Adressen, Nutzerverhalten, IP-Adresse).<\/p>\n<p><u>1. Wer ist in unserer Praxis f\u00fcr den Datenschutz verantwortlich?<\/u><\/p>\n<p>ln unserer Praxis ist f\u00fcr den Datenschutz verantwortlich und steht lhnen bei Fragen zur Verf\u00fcgung:<\/p>\n<table>\n<tbody>\n<tr>\n<td width=\"30%\">Praxisinhaber<\/td>\n<td><strong>Dr. med. J\u00f6rg Rosenkranz<\/strong><\/td>\n<\/tr>\n<tr>\n<td>Praxisadresse<\/td>\n<td>Zur Bleiche 17, 01279 Dresden<\/td>\n<\/tr>\n<tr>\n<td>Telefon<\/td>\n<td>0351 \/ 2508544<\/td>\n<\/tr>\n<tr>\n<td>Telefax<\/td>\n<td>0351 \/ 2508545<\/td>\n<\/tr>\n<tr>\n<td>E-Mail<\/td>\n<td>dr.joerg.rosenkranz@outlook.com<\/td>\n<\/tr>\n<\/tbody>\n<\/table>\n<p><u> 2. Welche personenbezogenen Daten erheben wir?<\/u><\/p>\n<p>Wir erheben, speichern, nutzen, \u00fcbermitteln oder l\u00f6schen folgende personenbezogene Daten:<\/p>\n<p>&#8211; lnteressenten unserer lnternetseite und Patienten unserer Praxis, die nat\u00fcrliche Personen sind<\/p>\n<p>&#8211; Alle anderen nat\u00fcrlichen Personen, die in Kontakt mit unserer Praxis stehen (z. B. Bevollm\u00e4chtigte von Patienten, Erziehungsberechtigte von Patienten, Mitarbeiter juristischer Personen, Besucher unserer lnternetseite)<\/p>\n<p>Personenbezogenen Daten von lhnen werden von uns erhoben, wenn Sie mit uns z. B. per E-Mail oder Telefon in Kontakt treten bzw. einen Behandlungstermin pers\u00f6nlich vereinbaren.<\/p>\n<p>Folgende pers\u00f6nliche Daten verarbeiten wir:<\/p>\n<p>&#8211; Pers\u00f6nliche Angaben (z. B. Vor- und Nachnamen, Adresse, Geburtsdatum und -ort, E-Mail-Adresse, Telefonnummer, Versicherungsstatus)<\/p>\n<p>&#8211; Daten zu lhrem Online-Verhalten und -pr\u00e4ferenzen (z. B. IP-Adressen, eindeutige Zuordnungsmerkmale mobiler Endger\u00e4te, Daten zu lhren Besuchen auf unserer lnternetseite, Endger\u00e4te, mit denen Sie unsere lnternetseite besucht haben)<\/p>\n<p>Angaben zu Kindern erheben wir nur dann, wenn diese durch die Erziehungsberechtigten in unserer Praxis als Patient vorgestellt werden.<\/p>\n<p><u> 3. Wer erh\u00e4lt ggf. lhre personenbezogenen Daten \u00fcbermittelt?<\/u><\/p>\n<p>Falls einzelne Funktionen unserer lnternetseite auf beauftragte Dienstleister zur\u00fcckgreifen, informieren wir Sie in Ziffer 4 dieser Datenschutzerkl\u00e4rung im Detail \u00fcber die jeweiligen Vorg\u00e4nge. Dabei nennen wir auch die festgelegten Kriterien der Speicherdauer.<\/p>\n<p><u> 4. Welchem Zweck dienen lhre Daten und mit welcher Rechtfertigung d\u00fcrfen wir diese nutzen?<\/u><\/p>\n<p>Wenn Sie unsere lnternetseite ausschlie\u00dflich dazu nutzen, sich \u00fcber unsere Praxis zu informieren, erheben wir nur die personenbezogenen Daten, die lhr Browser an unseren Server \u00fcbermittelt. Wenn Sie unsere Website betrachten m\u00f6chten, erheben wir die folgenden Daten, die f\u00fcr uns technisch erforderlich sind, um lhnen unsere Website anzuzeigen und die Stabilit\u00e4t und Sicherheit zu gew\u00e4hrleisten (Rechtsgrundlage ist Art. 6 Abs. 1 S. 1 lit. f DSGVO):<\/p>\n<p>IP-Adresse ; Datum und Uhrzeit der Anfrage; Zeitzonendifferenz zur Greenwich Mean Time (GMT); Inhalt der Anforderung (konkrete Seite); Zugriffsstatus\/HTTP-Statuscode; jeweils \u00fcbertragene Datenmenge; Website, von der die Anforderung kommt; Browser; Betriebssystem und dessen Oberfl\u00e4che; Sprache und Version der Browsersoftware.<\/p>\n<p>Wollen Sie per E-Mail einen Behandlungstermin vereinbaren oder eine Frage an uns richten, werden die von lhnen mitgeteilten Daten (lhre E-Mail- Adresse, ggf. lhr Name und lhre Telefonnummer) von uns gespeichert, um lhnen einen Behandlungstermin zuweisen oder die Anfrage beantworten zu k\u00f6nnen. Die in diesem Zusammenhang anfallenden Daten l\u00f6schen wir, nachdem die Speicherung nicht mehr erforderlich ist, oder schr\u00e4nken die Verarbeitung ein, falls gesetzliche Aufbewahrungspflichten bestehen (Rechtsgrundlage ist Art. 6 Abs. 1 S. 1 lit. b DSGVO).<\/p>\n<p><u>5. Datenschutzerkl\u00e4rung Google Maps<\/u><\/p>\n<p>Diese Webseite verwendet das Produkt Google Maps von Google Inc. Durch Nutzung dieser Webseite erkl\u00e4ren Sie sich mit der Erfassung, Bearbeitung sowie Nutzung der automatisiert erhobenen Daten durch Google Inc, deren Vertreter sowie Dritter einverstanden. Die Nutzungsbedingungen von Google Maps finden sie unter <a href=\"http:\/\/www.google.com\/intl\/de_de\/help\/terms_maps.html\">Nutzungsbedingungen von Google Maps<\/a>.<\/p>\n<p><u>6. Welche Rechte haben Sie im Zusammenhang mit dem Datenschutz?<\/u><\/p>\n<p>Sie haben gegen\u00fcber uns folgende Rechte hinsichtlich der Sie betreffenden personen bezogenen Daten:<\/p>\n<p>Recht auf Auskunft, Recht auf Berichtigung oder L\u00f6schung, Recht auf Einschr\u00e4nkung der Verarbeitung, Recht auf Widerspruch gegen die Verarbeitung, Recht auf Daten\u00fcbertragbarkeit.<\/p>\n<p><u>7. Wie k\u00f6nnen Sie sich ggf. beschweren?<br \/>\n<\/u><\/p>\n<p>Sie haben die M\u00f6glichkeit, sich mit einer Beschwerde im Zusammenhang mit der Datenverarbeitung an die f\u00fcr uns zust\u00e4ndige Datenschutzaufsicht zu wenden:<\/p>\n<p><a href=\"https:\/\/saechsdsb.de\/n-kontakt\">https:\/\/saechsdsb.de\/n-kontakt<\/a><\/p>\n<p>&nbsp;<\/p>\n<p>&nbsp;<\/p>\n<p>&nbsp;<\/p>\n","protected":false},"excerpt":{"rendered":"<p>Datenschutzerkl\u00e4rung Nachfolgend erhalten Sie lnformationen \u00fcber die Erhebung personenbezogener Daten bei Nutzung unserer lnternetseite. Zu den personenbezogenen Daten geh\u00f6ren alle Daten, die auf Sie pers\u00f6nlich beziehbar sind (z. B. Name, Adresse, E-Mail-Adressen, Nutzerverhalten, IP-Adresse). 1. Wer ist in unserer Praxis f\u00fcr den Datenschutz verantwortlich? ln unserer Praxis ist f\u00fcr den Datenschutz verantwortlich und steht lhnen [&hellip;]<\/p>\n","protected":false},"author":1,"featured_media":0,"parent":0,"menu_order":0,"comment_status":"closed","ping_status":"closed","template":"","meta":{"footnotes":""},"class_list":["post-88","page","type-page","status-publish","hentry"],"aioseo_notices":[],"_links":{"self":[{"href":"https:\/\/arztpraxisanderelbe.de\/index.php?rest_route=\/wp\/v2\/pages\/88","targetHints":{"allow":["GET"]}}],"collection":[{"href":"https:\/\/arztpraxisanderelbe.de\/index.php?rest_route=\/wp\/v2\/pages"}],"about":[{"href":"https:\/\/arztpraxisanderelbe.de\/index.php?rest_route=\/wp\/v2\/types\/page"}],"author":[{"embeddable":true,"href":"https:\/\/arztpraxisanderelbe.de\/index.php?rest_route=\/wp\/v2\/users\/1"}],"replies":[{"embeddable":true,"href":"https:\/\/arztpraxisanderelbe.de\/index.php?rest_route=%2Fwp%2Fv2%2Fcomments&post=88"}],"version-history":[{"count":8,"href":"https:\/\/arztpraxisanderelbe.de\/index.php?rest_route=\/wp\/v2\/pages\/88\/revisions"}],"predecessor-version":[{"id":163,"href":"https:\/\/arztpraxisanderelbe.de\/index.php?rest_route=\/wp\/v2\/pages\/88\/revisions\/163"}],"wp:attachment":[{"href":"https:\/\/arztpraxisanderelbe.de\/index.php?rest_route=%2Fwp%2Fv2%2Fmedia&parent=88"}],"curies":[{"name":"wp","href":"https:\/\/api.w.org\/{rel}","templated":true}]}}