{"id":82,"date":"2018-08-16T10:29:24","date_gmt":"2018-08-16T10:29:24","guid":{"rendered":"https:\/\/arztpraxisanderelbe.de\/?page_id=82"},"modified":"2018-09-18T10:13:56","modified_gmt":"2018-09-18T10:13:56","slug":"impressum","status":"publish","type":"page","link":"https:\/\/arztpraxisanderelbe.de\/?page_id=82","title":{"rendered":"Impressum"},"content":{"rendered":"<p>Informationen gem\u00e4\u00df \u00a7 5 TMG<br \/>\nDr. med. J\u00f6rg Rosenkranz<br \/>\nZur Bleiche 17<br \/>\n01279 Dresden<\/p>\n<p>Telefon: 0351 \/ 2508544<br \/>\nTelefax: 0351 \/ 2508545<\/p>\n<p>Gesetzliche Berufsbezeichnung: Arzt<br \/>\nBerufsbezeichnung verliehen in der Bundesrepublik Deutschland<\/p>\n<p>Zust\u00e4ndige \u00c4rztekammer:<br \/>\n\u00c4rztekammer Bezirksgesch\u00e4ftsstelle Dresden, Sch\u00fctzenh\u00f6he 12, 01099 Dresden<\/p>\n<p>Tel.: 0351-829050<\/p>\n<p>Email: dresden@kvsachsen.de<\/p>\n<p>Zust\u00e4ndige Kassen\u00e4rztliche Vereinigung:<br \/>\nKassen\u00e4rztliche Vereinigung Sachsen www.kvs-sachsen.de<\/p>\n<p>Berufsrechtliche Regelungen:<br \/>\nDie Berufsordnung ist zu beziehen, beziehungsweise einzusehen bei der zust\u00e4ndigen \u00c4rztekammer www.slaek.de \/<\/p>\n<p>Haftungsausschluss (Disclaimer)<\/p>\n<p>Haftung f\u00fcr Inhalte<br \/>\nAls Diensteanbieter sind wir gem\u00e4\u00df \u00a7 7 Abs.1 TMG f\u00fcr eigene Inhalte auf diesen Seiten nach den allgemeinen Gesetzen verantwortlich.<br \/>\nNach \u00a7\u00a7 8 bis 10 TMG sind wir als Diensteanbieter jedoch nicht verpflichtet, \u00fcbermittelte oder gespeicherte fremde Informationen zu \u00fcberwachen<br \/>\noder nach Umst\u00e4nden zu forschen, die auf eine rechtswidrige T\u00e4tigkeit hinweisen. Verpflichtungen zur Entfernung oder Sperrung der Nutzung von<br \/>\nInformationen nach den allgemeinen Gesetzen bleiben hiervon unber\u00fchrt. Eine diesbez\u00fcgliche Haftung ist jedoch erst ab dem Zeitpunkt der Kenntnis einer konkreten Rechtsverletzung m\u00f6glich. Bei Bekanntwerden von entsprechenden Rechtsverletzungen werden wir diese Inhalte umgehend entfernen.<\/p>\n<p>Haftung f\u00fcr Links<br \/>\nDie Praxis Dr. med. Rosenkranz haftet nicht f\u00fcr die Inhalte anderer Seiten, die \u00fcber die Hyperlinks auf unserer Seite erreicht werden k\u00f6nnen.<br \/>\nWir distanzieren uns ausdr\u00fccklich von allen Inhalten verlinkter Seiten und machen uns diese keinesfalls zu eigen. Externe Inhalte wurden beim Setzen von Links auf Rechtswidrigkeit und Strafbarkeit gepr\u00fcft. Dennoch ist nicht auszuschlie\u00dfen, dass Inhalte von externen Seiten im Nachhinein ver\u00e4ndert werden. Die Praxis Dr. med. Rosenkranz ist nicht verpflichtet, diese st\u00e4ndig zu pr\u00fcfen und lehnt daher jegliche Haftung ab. S\u00e4mtliche Verst\u00f6\u00dfe gegen geltendes Recht, Sitte oder Moral, welche uns bekannt werden, haben sofortige L\u00f6schung dieser Links zur Folge.<\/p>\n<p>Urheberrecht<br \/>\nDie durch die Seitenbetreiber erstellten Inhalte und Werke auf diesen Seiten unterliegen dem deutschen Urheberrecht.<br \/>\nDie Vervielf\u00e4ltigung, Bearbeitung, Verbreitung und jede Art der Verwertung au\u00dferhalb der Grenzen des Urheberrechtes bed\u00fcrfen der schriftlichen Zustimmung des jeweiligen Autors bzw. Erstellers. Downloads und Kopien dieser Seite sind nur f\u00fcr den privaten, nicht kommerziellen Gebrauch gestattet. Soweit die Inhalte auf dieser Seite nicht vom Betreiber erstellt wurden, werden die Urheberrechte Dritter beachtet. Insbesondere werden Inhalte Dritter als solche gekennzeichnet. Sollten Sie trotzdem auf eine Urheberrechtsverletzung aufmerksam werden, bitten wir um einen entsprechenden Hinweis. Bei Bekanntwerden von Rechtsverletzungen werden wir derartige Inhalte umgehend entfernen.<\/p>\n<p>Quellenangaben: Disclaimer eRecht24, Disclaimer eRecht24<\/p>\n<p>Datenschutz<br \/>\nDie Nutzung unserer Webseite ist in der Regel ohne Angabe personenbezogener Daten m\u00f6glich. Soweit auf unseren Seiten personenbezogene Daten (beispielsweise Name, Anschrift oder eMail-Adressen) erhoben werden, erfolgt dies, soweit m\u00f6glich, stets auf freiwilliger Basis. Diese Daten werden ohne Ihre ausdr\u00fcckliche Zustimmung nicht an Dritte weitergegeben. Wir weisen darauf hin, dass die Daten\u00fcbertragung im Internet (z.B. bei der Kommunikation per E-Mail) Sicherheitsl\u00fccken aufweisen kann. Ein l\u00fcckenloser Schutz der Daten vor dem Zugriff durch Dritte ist nicht m\u00f6glich. Der Nutzung von im Rahmen der Impressumspflicht ver\u00f6ffentlichten Kontaktdaten durch Dritte zur \u00dcbersendung von nicht ausdr\u00fccklich angeforderter Werbung und Informationsmaterialien wird hiermit ausdr\u00fccklich widersprochen. Die Betreiber der Seiten behalten sich ausdr\u00fccklich rechtliche Schritte im Falle der unverlangten Zusendung von Werbeinformationen, etwa durch Spam-Mails, vor.<\/p>\n","protected":false},"excerpt":{"rendered":"<p>Informationen gem\u00e4\u00df \u00a7 5 TMG Dr. med. J\u00f6rg Rosenkranz Zur Bleiche 17 01279 Dresden Telefon: 0351 \/ 2508544 Telefax: 0351 \/ 2508545 Gesetzliche Berufsbezeichnung: Arzt Berufsbezeichnung verliehen in der Bundesrepublik Deutschland Zust\u00e4ndige \u00c4rztekammer: \u00c4rztekammer Bezirksgesch\u00e4ftsstelle Dresden, Sch\u00fctzenh\u00f6he 12, 01099 Dresden Tel.: 0351-829050 Email: dresden@kvsachsen.de Zust\u00e4ndige Kassen\u00e4rztliche Vereinigung: Kassen\u00e4rztliche Vereinigung Sachsen www.kvs-sachsen.de Berufsrechtliche Regelungen: Die Berufsordnung [&hellip;]<\/p>\n","protected":false},"author":1,"featured_media":0,"parent":0,"menu_order":0,"comment_status":"closed","ping_status":"closed","template":"","meta":{"footnotes":""},"class_list":["post-82","page","type-page","status-publish","hentry"],"aioseo_notices":[],"_links":{"self":[{"href":"https:\/\/arztpraxisanderelbe.de\/index.php?rest_route=\/wp\/v2\/pages\/82","targetHints":{"allow":["GET"]}}],"collection":[{"href":"https:\/\/arztpraxisanderelbe.de\/index.php?rest_route=\/wp\/v2\/pages"}],"about":[{"href":"https:\/\/arztpraxisanderelbe.de\/index.php?rest_route=\/wp\/v2\/types\/page"}],"author":[{"embeddable":true,"href":"https:\/\/arztpraxisanderelbe.de\/index.php?rest_route=\/wp\/v2\/users\/1"}],"replies":[{"embeddable":true,"href":"https:\/\/arztpraxisanderelbe.de\/index.php?rest_route=%2Fwp%2Fv2%2Fcomments&post=82"}],"version-history":[{"count":3,"href":"https:\/\/arztpraxisanderelbe.de\/index.php?rest_route=\/wp\/v2\/pages\/82\/revisions"}],"predecessor-version":[{"id":121,"href":"https:\/\/arztpraxisanderelbe.de\/index.php?rest_route=\/wp\/v2\/pages\/82\/revisions\/121"}],"wp:attachment":[{"href":"https:\/\/arztpraxisanderelbe.de\/index.php?rest_route=%2Fwp%2Fv2%2Fmedia&parent=82"}],"curies":[{"name":"wp","href":"https:\/\/api.w.org\/{rel}","templated":true}]}}