{"id":73,"date":"2018-08-16T10:17:59","date_gmt":"2018-08-16T10:17:59","guid":{"rendered":"https:\/\/arztpraxisanderelbe.de\/?page_id=73"},"modified":"2022-09-26T11:16:03","modified_gmt":"2022-09-26T11:16:03","slug":"willkommen","status":"publish","type":"page","link":"https:\/\/arztpraxisanderelbe.de\/","title":{"rendered":"Willkommen"},"content":{"rendered":"<p>F\u00fcr Ihr Interesse an unserer Internetpr\u00e4senz danken wir.<\/p>\n<p>Schwerpunkt im Praxisalltag ist die Anwendung multimodaler Therapieans\u00e4tze zum Wohle der Patienten. Gemeinsam mit den Praxisassistenten, den zahlreichen Studenten und den medizinischen Fachangestellten werden Krankheitsbilder, soziale Besonderheiten diskutiert. Ebenso erfolgt eine enge Zusammenarbeit mit den umliegenden medizinischen Einrichtungen.<\/p>\n<p>Mit besten Gr\u00fc\u00dfen<\/p>\n<p>J\u00f6rg Rosenkranz und Praxisteam<\/p>\n<p>Bitte beachten Sie die Hinweise und \u00c4nderungen unter &#8222;Aktuelle Informationen&#8220;.<\/p>\n","protected":false},"excerpt":{"rendered":"<p>F\u00fcr Ihr Interesse an unserer Internetpr\u00e4senz danken wir. Schwerpunkt im Praxisalltag ist die Anwendung multimodaler Therapieans\u00e4tze zum Wohle der Patienten. Gemeinsam mit den Praxisassistenten, den zahlreichen Studenten und den medizinischen Fachangestellten werden Krankheitsbilder, soziale Besonderheiten diskutiert. Ebenso erfolgt eine enge Zusammenarbeit mit den umliegenden medizinischen Einrichtungen. Mit besten Gr\u00fc\u00dfen J\u00f6rg Rosenkranz und Praxisteam Bitte beachten [&hellip;]<\/p>\n","protected":false},"author":1,"featured_media":0,"parent":0,"menu_order":0,"comment_status":"closed","ping_status":"closed","template":"","meta":{"footnotes":""},"class_list":["post-73","page","type-page","status-publish","hentry"],"aioseo_notices":[],"_links":{"self":[{"href":"https:\/\/arztpraxisanderelbe.de\/index.php?rest_route=\/wp\/v2\/pages\/73","targetHints":{"allow":["GET"]}}],"collection":[{"href":"https:\/\/arztpraxisanderelbe.de\/index.php?rest_route=\/wp\/v2\/pages"}],"about":[{"href":"https:\/\/arztpraxisanderelbe.de\/index.php?rest_route=\/wp\/v2\/types\/page"}],"author":[{"embeddable":true,"href":"https:\/\/arztpraxisanderelbe.de\/index.php?rest_route=\/wp\/v2\/users\/1"}],"replies":[{"embeddable":true,"href":"https:\/\/arztpraxisanderelbe.de\/index.php?rest_route=%2Fwp%2Fv2%2Fcomments&post=73"}],"version-history":[{"count":8,"href":"https:\/\/arztpraxisanderelbe.de\/index.php?rest_route=\/wp\/v2\/pages\/73\/revisions"}],"predecessor-version":[{"id":498,"href":"https:\/\/arztpraxisanderelbe.de\/index.php?rest_route=\/wp\/v2\/pages\/73\/revisions\/498"}],"wp:attachment":[{"href":"https:\/\/arztpraxisanderelbe.de\/index.php?rest_route=%2Fwp%2Fv2%2Fmedia&parent=73"}],"curies":[{"name":"wp","href":"https:\/\/api.w.org\/{rel}","templated":true}]}}