{"id":41,"date":"2018-08-15T13:46:29","date_gmt":"2018-08-15T13:46:29","guid":{"rendered":"https:\/\/arztpraxisanderelbe.de\/?page_id=41"},"modified":"2022-11-07T13:29:13","modified_gmt":"2022-11-07T13:29:13","slug":"leistungen-der-praxis","status":"publish","type":"page","link":"https:\/\/arztpraxisanderelbe.de\/?page_id=41","title":{"rendered":"Allgemeinmedizin"},"content":{"rendered":"<p>Hausbesuche: Arzt und nicht\u00e4rztliche Praxisassistentin,<\/p>\n<p>Pr\u00e4vention: Gesundheitsuntersuchung, allgemeinmedizinischer Hautcheck, Impfberatung und Impfleistungen nach Empfehlungen der STIKO,<\/p>\n<p>Labordiagnostik,<\/p>\n<p>Psychosomatische Gespr\u00e4chsf\u00fchrung,<\/p>\n<p>Patientenbetreuung im Rahmen der DMP (Disease managment program): Diabetes mellitus Typ II, Koronare Herzkrankheit (KHK), COPD und Asthma bronchiale,<\/p>\n<p>Sonographie der Bauchorgane und der Schilddr\u00fcse, Screening Bauchaorta,<\/p>\n<p>EKG, Lungenfunktionsdiagnostik (Spirometrie), Ergometrie (Belastungs-EKG), 24-Stunden-Blutdruckmesung,<\/p>\n<p>Kleine Chirurgie und Wundbehandlungen,<\/p>\n<p>Proktologische Beratung und Behandlung von H\u00e4morrhoiden (Ligatur),<\/p>\n<p>Behandlung St\u00fctz- und Bewegungssystem: Manuelle Therapie (Chirotherapie) der Extremit\u00e4ten und der Wirbels\u00e4ule, Strombehandlung, Injektionen.<\/p>\n","protected":false},"excerpt":{"rendered":"<p>Hausbesuche: Arzt und nicht\u00e4rztliche Praxisassistentin, Pr\u00e4vention: Gesundheitsuntersuchung, allgemeinmedizinischer Hautcheck, Impfberatung und Impfleistungen nach Empfehlungen der STIKO, Labordiagnostik, Psychosomatische Gespr\u00e4chsf\u00fchrung, Patientenbetreuung im Rahmen der DMP (Disease managment program): Diabetes mellitus Typ II, Koronare Herzkrankheit (KHK), COPD und Asthma bronchiale, Sonographie der Bauchorgane und der Schilddr\u00fcse, Screening Bauchaorta, EKG, Lungenfunktionsdiagnostik (Spirometrie), Ergometrie (Belastungs-EKG), 24-Stunden-Blutdruckmesung, Kleine Chirurgie und [&hellip;]<\/p>\n","protected":false},"author":1,"featured_media":0,"parent":0,"menu_order":0,"comment_status":"closed","ping_status":"closed","template":"","meta":{"footnotes":""},"class_list":["post-41","page","type-page","status-publish","hentry"],"aioseo_notices":[],"_links":{"self":[{"href":"https:\/\/arztpraxisanderelbe.de\/index.php?rest_route=\/wp\/v2\/pages\/41","targetHints":{"allow":["GET"]}}],"collection":[{"href":"https:\/\/arztpraxisanderelbe.de\/index.php?rest_route=\/wp\/v2\/pages"}],"about":[{"href":"https:\/\/arztpraxisanderelbe.de\/index.php?rest_route=\/wp\/v2\/types\/page"}],"author":[{"embeddable":true,"href":"https:\/\/arztpraxisanderelbe.de\/index.php?rest_route=\/wp\/v2\/users\/1"}],"replies":[{"embeddable":true,"href":"https:\/\/arztpraxisanderelbe.de\/index.php?rest_route=%2Fwp%2Fv2%2Fcomments&post=41"}],"version-history":[{"count":8,"href":"https:\/\/arztpraxisanderelbe.de\/index.php?rest_route=\/wp\/v2\/pages\/41\/revisions"}],"predecessor-version":[{"id":407,"href":"https:\/\/arztpraxisanderelbe.de\/index.php?rest_route=\/wp\/v2\/pages\/41\/revisions\/407"}],"wp:attachment":[{"href":"https:\/\/arztpraxisanderelbe.de\/index.php?rest_route=%2Fwp%2Fv2%2Fmedia&parent=41"}],"curies":[{"name":"wp","href":"https:\/\/api.w.org\/{rel}","templated":true}]}}