{"id":36,"date":"2018-08-15T13:45:03","date_gmt":"2018-08-15T13:45:03","guid":{"rendered":"https:\/\/arztpraxisanderelbe.de\/?page_id=36"},"modified":"2025-11-04T09:33:36","modified_gmt":"2025-11-04T09:33:36","slug":"akademische-lehrpraxis-an-der-tu-dresden","status":"publish","type":"page","link":"https:\/\/arztpraxisanderelbe.de\/?page_id=36","title":{"rendered":"Akademische Lehrpraxis an der TU Dresden"},"content":{"rendered":"<p>Weiterbildungserm\u00e4chtigung \u00fcber 2 Jahre WBO 2021 durch die L\u00c4K Sachsen im Fach Allgemeinmedizin,<br \/>\nAusbildung der Studenten: PJ-Tertial, Famulatur und Blockpraktikum im Medizinstudium,<br \/>\nSeminart\u00e4tigkeit im Fachgebiet Allgemeinmedizin an der TU Dresden.<\/p>\n<p>Weiterbildungsverbund &#8211; Carus Consilium Sachsen<\/p>\n<p><a href=\"http:\/\/www.carusconsilium.de\">http:\/\/www.carusconsilium.de<\/a><\/p>\n","protected":false},"excerpt":{"rendered":"<p>Weiterbildungserm\u00e4chtigung \u00fcber 2 Jahre WBO 2021 durch die L\u00c4K Sachsen im Fach Allgemeinmedizin, Ausbildung der Studenten: PJ-Tertial, Famulatur und Blockpraktikum im Medizinstudium, Seminart\u00e4tigkeit im Fachgebiet Allgemeinmedizin an der TU Dresden. Weiterbildungsverbund &#8211; Carus Consilium Sachsen http:\/\/www.carusconsilium.de<\/p>\n","protected":false},"author":1,"featured_media":0,"parent":0,"menu_order":0,"comment_status":"closed","ping_status":"closed","template":"","meta":{"footnotes":""},"class_list":["post-36","page","type-page","status-publish","hentry"],"aioseo_notices":[],"_links":{"self":[{"href":"https:\/\/arztpraxisanderelbe.de\/index.php?rest_route=\/wp\/v2\/pages\/36","targetHints":{"allow":["GET"]}}],"collection":[{"href":"https:\/\/arztpraxisanderelbe.de\/index.php?rest_route=\/wp\/v2\/pages"}],"about":[{"href":"https:\/\/arztpraxisanderelbe.de\/index.php?rest_route=\/wp\/v2\/types\/page"}],"author":[{"embeddable":true,"href":"https:\/\/arztpraxisanderelbe.de\/index.php?rest_route=\/wp\/v2\/users\/1"}],"replies":[{"embeddable":true,"href":"https:\/\/arztpraxisanderelbe.de\/index.php?rest_route=%2Fwp%2Fv2%2Fcomments&post=36"}],"version-history":[{"count":6,"href":"https:\/\/arztpraxisanderelbe.de\/index.php?rest_route=\/wp\/v2\/pages\/36\/revisions"}],"predecessor-version":[{"id":479,"href":"https:\/\/arztpraxisanderelbe.de\/index.php?rest_route=\/wp\/v2\/pages\/36\/revisions\/479"}],"wp:attachment":[{"href":"https:\/\/arztpraxisanderelbe.de\/index.php?rest_route=%2Fwp%2Fv2%2Fmedia&parent=36"}],"curies":[{"name":"wp","href":"https:\/\/api.w.org\/{rel}","templated":true}]}}