{"id":30,"date":"2018-08-15T12:48:36","date_gmt":"2018-08-15T12:48:36","guid":{"rendered":"https:\/\/arztpraxisanderelbe.de\/?page_id=30"},"modified":"2026-01-08T11:09:27","modified_gmt":"2026-01-08T11:09:27","slug":"team","status":"publish","type":"page","link":"https:\/\/arztpraxisanderelbe.de\/?page_id=30","title":{"rendered":"Praxisteam"},"content":{"rendered":"<p>Dr. med. J\u00f6rg Rosenkranz<\/p>\n<p>Facharzt f\u00fcr Allgemeinmedizin und Urologie<\/p>\n<p>Frau Maria Immer<\/p>\n<p>\u00c4rztin in Weiterbildung Allgemeinmedizin<\/p>\n<p><em>Medizinische Fachangestellte:<\/em><br \/>Arzthelferin Jana (Medizinische Fachangestellte)<\/p>\n<p>Arzthelferin Peggy (Medizinische Fachangestellte)<\/p>\n<p>Mein Dank gilt den Studenten der medizinischen Fakult\u00e4t der TU Dresden, die mit ihrer T\u00e4tigkeit im Rahmen der Ausbildung unser Team seit vielen Jahren unterst\u00fctzen.<\/p>\n\n\n<p><\/p>\n","protected":false},"excerpt":{"rendered":"<p>Dr. med. J\u00f6rg Rosenkranz Facharzt f\u00fcr Allgemeinmedizin und Urologie Frau Maria Immer \u00c4rztin in Weiterbildung Allgemeinmedizin Medizinische Fachangestellte:Arzthelferin Jana (Medizinische Fachangestellte) Arzthelferin Peggy (Medizinische Fachangestellte) Mein Dank gilt den Studenten der medizinischen Fakult\u00e4t der TU Dresden, die mit ihrer T\u00e4tigkeit im Rahmen der Ausbildung unser Team seit vielen Jahren unterst\u00fctzen.<\/p>\n","protected":false},"author":1,"featured_media":0,"parent":0,"menu_order":0,"comment_status":"closed","ping_status":"closed","template":"","meta":{"footnotes":""},"class_list":["post-30","page","type-page","status-publish","hentry"],"aioseo_notices":[],"_links":{"self":[{"href":"https:\/\/arztpraxisanderelbe.de\/index.php?rest_route=\/wp\/v2\/pages\/30","targetHints":{"allow":["GET"]}}],"collection":[{"href":"https:\/\/arztpraxisanderelbe.de\/index.php?rest_route=\/wp\/v2\/pages"}],"about":[{"href":"https:\/\/arztpraxisanderelbe.de\/index.php?rest_route=\/wp\/v2\/types\/page"}],"author":[{"embeddable":true,"href":"https:\/\/arztpraxisanderelbe.de\/index.php?rest_route=\/wp\/v2\/users\/1"}],"replies":[{"embeddable":true,"href":"https:\/\/arztpraxisanderelbe.de\/index.php?rest_route=%2Fwp%2Fv2%2Fcomments&post=30"}],"version-history":[{"count":29,"href":"https:\/\/arztpraxisanderelbe.de\/index.php?rest_route=\/wp\/v2\/pages\/30\/revisions"}],"predecessor-version":[{"id":488,"href":"https:\/\/arztpraxisanderelbe.de\/index.php?rest_route=\/wp\/v2\/pages\/30\/revisions\/488"}],"wp:attachment":[{"href":"https:\/\/arztpraxisanderelbe.de\/index.php?rest_route=%2Fwp%2Fv2%2Fmedia&parent=30"}],"curies":[{"name":"wp","href":"https:\/\/api.w.org\/{rel}","templated":true}]}}