{"id":138,"date":"2018-09-20T08:58:22","date_gmt":"2018-09-20T08:58:22","guid":{"rendered":"https:\/\/arztpraxisanderelbe.de\/?page_id=138"},"modified":"2026-03-31T14:24:07","modified_gmt":"2026-03-31T14:24:07","slug":"aktuelle-informationen","status":"publish","type":"page","link":"https:\/\/arztpraxisanderelbe.de\/?page_id=138","title":{"rendered":"Aktuelle Informationen"},"content":{"rendered":"<p><strong>Schlie\u00dfzeiten<\/strong> der Praxis im II. Quartal 2026: 15.05., 12.06.25.<\/p>\n<p>09. und 10.04 ge\u00f6ffnet <strong>ohne\u00a0<\/strong>\u00e4rztliche Sprechstunde. Vertretung siehe Aushang Praxis.<\/p>\n<p>\u00a0<\/p>\n<p>Die Option &#8222;Online Termin Buchung&#8220; f\u00fcr einen Gespr\u00e4chstermin in der Praxis steht \u00fcber die Homepage der Arztpraxis zur Verf\u00fcgung.<\/p>\n\n\n\n\n<p><\/p>\n","protected":false},"excerpt":{"rendered":"<p>Schlie\u00dfzeiten der Praxis im II. Quartal 2026: 15.05., 12.06.25. 09. und 10.04 ge\u00f6ffnet ohne\u00a0\u00e4rztliche Sprechstunde. Vertretung siehe Aushang Praxis. \u00a0 Die Option &#8222;Online Termin Buchung&#8220; f\u00fcr einen Gespr\u00e4chstermin in der Praxis steht \u00fcber die Homepage der Arztpraxis zur Verf\u00fcgung.<\/p>\n","protected":false},"author":1,"featured_media":0,"parent":0,"menu_order":0,"comment_status":"closed","ping_status":"closed","template":"","meta":{"footnotes":""},"class_list":["post-138","page","type-page","status-publish","hentry"],"aioseo_notices":[],"_links":{"self":[{"href":"https:\/\/arztpraxisanderelbe.de\/index.php?rest_route=\/wp\/v2\/pages\/138","targetHints":{"allow":["GET"]}}],"collection":[{"href":"https:\/\/arztpraxisanderelbe.de\/index.php?rest_route=\/wp\/v2\/pages"}],"about":[{"href":"https:\/\/arztpraxisanderelbe.de\/index.php?rest_route=\/wp\/v2\/types\/page"}],"author":[{"embeddable":true,"href":"https:\/\/arztpraxisanderelbe.de\/index.php?rest_route=\/wp\/v2\/users\/1"}],"replies":[{"embeddable":true,"href":"https:\/\/arztpraxisanderelbe.de\/index.php?rest_route=%2Fwp%2Fv2%2Fcomments&post=138"}],"version-history":[{"count":89,"href":"https:\/\/arztpraxisanderelbe.de\/index.php?rest_route=\/wp\/v2\/pages\/138\/revisions"}],"predecessor-version":[{"id":499,"href":"https:\/\/arztpraxisanderelbe.de\/index.php?rest_route=\/wp\/v2\/pages\/138\/revisions\/499"}],"wp:attachment":[{"href":"https:\/\/arztpraxisanderelbe.de\/index.php?rest_route=%2Fwp%2Fv2%2Fmedia&parent=138"}],"curies":[{"name":"wp","href":"https:\/\/api.w.org\/{rel}","templated":true}]}}