{"id":112,"date":"2018-09-03T07:53:27","date_gmt":"2018-09-03T07:53:27","guid":{"rendered":"https:\/\/arztpraxisanderelbe.de\/?page_id=112"},"modified":"2018-09-18T10:21:24","modified_gmt":"2018-09-18T10:21:24","slug":"sportmedizin","status":"publish","type":"page","link":"https:\/\/arztpraxisanderelbe.de\/?page_id=112","title":{"rendered":"Sportmedizin"},"content":{"rendered":"<p>Sportmedizinische Beratung und Leistungsdiagnostik,<\/p>\n<p>Tauglichkeitsuntersuchungen,<\/p>\n<p>Sportmedizinische Leistungsdiagnostik entsprechend der Vertr\u00e4ge zwischen der DGSP (Deutsche Gesellschaft f\u00fcr Pr\u00e4vention und Sport) und den Krankenkassen.<\/p>\n","protected":false},"excerpt":{"rendered":"<p>Sportmedizinische Beratung und Leistungsdiagnostik, Tauglichkeitsuntersuchungen, Sportmedizinische Leistungsdiagnostik entsprechend der Vertr\u00e4ge zwischen der DGSP (Deutsche Gesellschaft f\u00fcr Pr\u00e4vention und Sport) und den Krankenkassen.<\/p>\n","protected":false},"author":1,"featured_media":0,"parent":0,"menu_order":0,"comment_status":"closed","ping_status":"closed","template":"","meta":{"footnotes":""},"class_list":["post-112","page","type-page","status-publish","hentry"],"aioseo_notices":[],"_links":{"self":[{"href":"https:\/\/arztpraxisanderelbe.de\/index.php?rest_route=\/wp\/v2\/pages\/112","targetHints":{"allow":["GET"]}}],"collection":[{"href":"https:\/\/arztpraxisanderelbe.de\/index.php?rest_route=\/wp\/v2\/pages"}],"about":[{"href":"https:\/\/arztpraxisanderelbe.de\/index.php?rest_route=\/wp\/v2\/types\/page"}],"author":[{"embeddable":true,"href":"https:\/\/arztpraxisanderelbe.de\/index.php?rest_route=\/wp\/v2\/users\/1"}],"replies":[{"embeddable":true,"href":"https:\/\/arztpraxisanderelbe.de\/index.php?rest_route=%2Fwp%2Fv2%2Fcomments&post=112"}],"version-history":[{"count":2,"href":"https:\/\/arztpraxisanderelbe.de\/index.php?rest_route=\/wp\/v2\/pages\/112\/revisions"}],"predecessor-version":[{"id":130,"href":"https:\/\/arztpraxisanderelbe.de\/index.php?rest_route=\/wp\/v2\/pages\/112\/revisions\/130"}],"wp:attachment":[{"href":"https:\/\/arztpraxisanderelbe.de\/index.php?rest_route=%2Fwp%2Fv2%2Fmedia&parent=112"}],"curies":[{"name":"wp","href":"https:\/\/api.w.org\/{rel}","templated":true}]}}